{"id":30874,"date":"2025-09-25T11:19:50","date_gmt":"2025-09-25T09:19:50","guid":{"rendered":"https:\/\/np6jirbvsfr.preview.infomaniak.website\/?page_id=30874"},"modified":"2025-09-29T12:37:37","modified_gmt":"2025-09-29T10:37:37","slug":"aviso-legal","status":"publish","type":"page","link":"https:\/\/mm.e-marlie.com\/es\/aviso-legal\/","title":{"rendered":"Aviso legal"},"content":{"rendered":"<div data-elementor-type=\"wp-page\" data-elementor-id=\"30874\" class=\"elementor elementor-30874\" data-elementor-post-type=\"page\">\n\t\t\t\t<div class=\"elementor-element elementor-element-ea60535 elementor-repeater-item-ang_container_padding_2 e-flex e-con-boxed elementor-repeater-item-none elementor-repeater-item-none_hover e-con e-parent\" data-id=\"ea60535\" data-element_type=\"container\" data-settings=\"{&quot;ang_container_spacing_size&quot;:&quot;ang_container_padding_2&quot;}\">\n\t\t\t\t\t<div class=\"e-con-inner\">\n\t\t\t\t<div class=\"elementor-element elementor-element-e2b7698 elementor-repeater-item-none elementor-repeater-item-none_hover elementor-widget elementor-widget-heading\" data-id=\"e2b7698\" data-element_type=\"widget\" data-widget_type=\"heading.default\">\n\t\t\t\t<div class=\"elementor-widget-container\">\n\t\t\t\t\t<h1 class=\"elementor-heading-title elementor-size-default\">Aviso legal<\/h1>\t\t\t\t<\/div>\n\t\t\t\t<\/div>\n\t\t\t\t\t<\/div>\n\t\t\t\t<\/div>\n\t\t<div class=\"elementor-element elementor-element-f3d15e7 elementor-repeater-item-ang_container_padding_2 e-flex e-con-boxed elementor-repeater-item-none elementor-repeater-item-none_hover e-con e-parent\" data-id=\"f3d15e7\" data-element_type=\"container\" data-settings=\"{&quot;ang_container_spacing_size&quot;:&quot;ang_container_padding_2&quot;}\">\n\t\t\t\t\t<div class=\"e-con-inner\">\n\t\t\t\t<div class=\"elementor-element elementor-element-9dbbbff elementor-repeater-item-none elementor-repeater-item-none_hover elementor-widget elementor-widget-shortcode\" data-id=\"9dbbbff\" data-element_type=\"widget\" data-widget_type=\"shortcode.default\">\n\t\t\t\t<div class=\"elementor-widget-container\">\n\t\t\t\t\t\t\t<div class=\"elementor-shortcode\">\n<!-- Legal document generated by Complianz | GDPR\/CCPA Cookie Consent https:\/\/wordpress.org\/plugins\/complianz-gdpr -->\n<div id=\"cmplz-document\" class=\"cmplz-document impressum cmplz-document-all\"><p><i>Este aviso legal \/ imprint fue actualizado por \u00faltima vez el octubre 17, 2025.<\/i><\/p><p class=\"cmplz-subtitle\">El propietario de esta web es:<\/p><p>Mikkel Lasen Mentes y Monta\u00f1as S.L.<br>Carrer Font Moreu 17537 Alp, Girona La Molina, Espa\u00f1a<br>Espa\u00f1a<br>Correo electr\u00f3nico:&nbsp;<span class=\"cmplz-obfuscate\">info@<span class=\"cmplz-fmail-domain\">ex.com<\/span>&#109;m.&#101;-m&#097;&#114;&#108;ie&#046;c&#111;&#109;<\/span><br>N\u00famero de tel\u00e9fono: +34 609 655 793<br>CIF (N\u00famero de IVA): ES B05314273<\/p><p class=\"cmplz-subtitle\">El\/los representante\/s legal\/es de Mikkel Lasen Minds &amp; Mountains S.L.:<\/p><p>Mikkel Christian Larsen<\/p><h2>1. General<\/h2><p class=\"cmplz-subtitle\">1.1 Estamos inscritos en el Registro Mercantil de Girona bajo el n\u00famero de licencia o registro:<\/p><p>GI-69641<\/p><p class=\"cmplz-subtitle\">1.2 En nuestra web mostramos servicios o productos que requieren el registro en la siguiente asociaci\u00f3n profesional:<\/p><p>Licencia de turismo PG-00218-96<\/p><p>Estamos dispuestos u obligados a participar en procedimientos de resoluci\u00f3n de conflictos ante una junta de arbitraje de consumo.<\/p><h2>2. La siguiente informaci\u00f3n es obligatoria seg\u00fan la legislaci\u00f3n alemana.<\/h2><p class=\"cmplz-subtitle\">2.1 Ponemos a su disposici\u00f3n contenidos period\u00edsticos y redaccionales.<\/p><p>Por lo tanto, debemos conocer el nombre y la direcci\u00f3n de la persona a la que se refiere este sitio web:<br \/><br \/>Verantwortlich f\u00fcr den Inhalt nach \u00a7 18 Abs. 2 MStV ist 2 MStV ist: Mikkel Christian Larsen aus Girona La Molina, Espa\u00f1a.<\/p><\/div><\/div>\n\t\t\t\t\t\t<\/div>\n\t\t\t\t<\/div>\n\t\t\t\t\t<\/div>\n\t\t\t\t<\/div>\n\t\t\t\t<\/div>","protected":false},"excerpt":{"rendered":"","protected":false},"author":1,"featured_media":0,"parent":0,"menu_order":0,"comment_status":"closed","ping_status":"closed","template":"elementor_header_footer","meta":{"_seopress_robots_primary_cat":"","_seopress_titles_title":"","_seopress_titles_desc":"","_seopress_robots_index":"yes","footnotes":""},"class_list":["post-30874","page","type-page","status-publish","hentry"],"_links":{"self":[{"href":"https:\/\/mm.e-marlie.com\/es\/wp-json\/wp\/v2\/pages\/30874","targetHints":{"allow":["GET"]}}],"collection":[{"href":"https:\/\/mm.e-marlie.com\/es\/wp-json\/wp\/v2\/pages"}],"about":[{"href":"https:\/\/mm.e-marlie.com\/es\/wp-json\/wp\/v2\/types\/page"}],"author":[{"embeddable":true,"href":"https:\/\/mm.e-marlie.com\/es\/wp-json\/wp\/v2\/users\/1"}],"replies":[{"embeddable":true,"href":"https:\/\/mm.e-marlie.com\/es\/wp-json\/wp\/v2\/comments?post=30874"}],"version-history":[{"count":0,"href":"https:\/\/mm.e-marlie.com\/es\/wp-json\/wp\/v2\/pages\/30874\/revisions"}],"wp:attachment":[{"href":"https:\/\/mm.e-marlie.com\/es\/wp-json\/wp\/v2\/media?parent=30874"}],"curies":[{"name":"wp","href":"https:\/\/api.w.org\/{rel}","templated":true}]}}